{"id":2,"date":"2021-11-23T04:33:55","date_gmt":"2021-11-23T04:33:55","guid":{"rendered":"http:\/\/autostorebattery.co\/?page_id=2"},"modified":"2021-11-23T21:14:49","modified_gmt":"2021-11-23T21:14:49","slug":"pagina-ejemplo","status":"publish","type":"page","link":"https:\/\/autostorebattery.co\/index.php\/pagina-ejemplo\/","title":{"rendered":"P\u00e1gina de ejemplo"},"content":{"rendered":"<p>[et_pb_section fb_built=&#8221;1&#8243; _builder_version=&#8221;4.14.0&#8243; _module_preset=&#8221;default&#8221; background_color=&#8221;#000000&#8243; width_tablet=&#8221;&#8221; width_phone=&#8221;154%&#8221; width_last_edited=&#8221;on|phone&#8221; custom_margin=&#8221;||-12px||false|false&#8221; custom_padding=&#8221;0px|2px|0px||false|false&#8221; module_alignment_tablet=&#8221;&#8221; module_alignment_phone=&#8221;&#8221; module_alignment_last_edited=&#8221;on|desktop&#8221; global_colors_info=&#8221;{}&#8221;][et_pb_row _builder_version=&#8221;4.14.0&#8243; _module_preset=&#8221;default&#8221; width=&#8221;100%&#8221; min_height=&#8221;582px&#8221; custom_padding=&#8221;0px|0px|0px|||&#8221; global_colors_info=&#8221;{}&#8221;][et_pb_column type=&#8221;4_4&#8243; _builder_version=&#8221;4.14.0&#8243; _module_preset=&#8221;default&#8221; global_colors_info=&#8221;{}&#8221;][et_pb_slider _builder_version=&#8221;4.14.0&#8243; _module_preset=&#8221;default&#8221; width=&#8221;100%&#8221; custom_margin=&#8221;||-2px|-3px||&#8221; custom_padding=&#8221;275px|||0px||&#8221; global_colors_info=&#8221;{}&#8221;][et_pb_slide button_text=&#8221;ESCR\u00cdBENOS&#8221; button_link=&#8221;https:\/\/api.whatsapp.com\/send?phone=573157639874&#038;text=Me%20interesa,%20mi%20nombre%20es:&#8221; _builder_version=&#8221;4.14.0&#8243; _module_preset=&#8221;default&#8221; body_font=&#8221;|600|||||||&#8221; body_font_size=&#8221;34px&#8221; body_line_height=&#8221;0.6em&#8221; background_image=&#8221;http:\/\/autostorebattery.co\/wp-content\/uploads\/2021\/11\/header-barado-por-bateriax3.jpg&#8221; background_enable_image=&#8221;on&#8221; custom_button=&#8221;on&#8221; button_text_size=&#8221;18px&#8221; button_bg_color=&#8221;#7CDA24&#8243; button_border_width=&#8221;0px&#8221; button_border_radius=&#8221;41px&#8221; button_font=&#8221;|700|||||||&#8221; button_use_icon=&#8221;on&#8221; button_icon=&#8221;&#xf232;||fa||400&#8243; button_icon_placement=&#8221;left&#8221; button_on_hover=&#8221;off&#8221; button_custom_margin=&#8221;|||0px|false|false&#8221; button_custom_padding=&#8221;|||35px|false|false&#8221; custom_padding=&#8221;|||0px|false|false&#8221; custom_padding_tablet=&#8221;|||0px|false|false&#8221; custom_padding_phone=&#8221;|180px||0px|false|false&#8221; custom_padding_last_edited=&#8221;on|phone&#8221; body_font_size_tablet=&#8221;34px&#8221; body_font_size_phone=&#8221;23px&#8221; body_font_size_last_edited=&#8221;on|phone&#8221; body_line_height_tablet=&#8221;0.6em&#8221; body_line_height_phone=&#8221;0.6em&#8221; body_line_height_last_edited=&#8221;on|desktop&#8221; body_text_shadow_style=&#8221;preset2&#8243; body_text_shadow_color=&#8221;#000000&#8243; button_text_shadow_style=&#8221;preset1&#8243; box_shadow_style_button=&#8221;preset1&#8243; global_colors_info=&#8221;{}&#8221; sticky_transition=&#8221;on&#8221;]<\/p>\n<p>TE LA LLEVAMOS<\/p>\n<p>SIN COSTO<\/p>\n<p>[\/et_pb_slide][\/et_pb_slider][\/et_pb_column][\/et_pb_row][et_pb_row _builder_version=&#8221;4.14.0&#8243; _module_preset=&#8221;default&#8221;][et_pb_column _builder_version=&#8221;4.14.0&#8243; _module_preset=&#8221;default&#8221; type=&#8221;4_4&#8243;][et_pb_slider _builder_version=&#8221;4.14.0&#8243; _module_preset=&#8221;default&#8221; hover_enabled=&#8221;0&#8243; sticky_enabled=&#8221;0&#8243; width=&#8221;100%&#8221; max_width=&#8221;100%&#8221; content_max_width=&#8221;100%&#8221; min_height=&#8221;100%&#8221; height=&#8221;100%&#8221; max_height=&#8221;100%&#8221; module_alignment=&#8221;center&#8221;][et_pb_slide heading=&#8221;Su t\u00edtulo va aqu\u00ed&#8221; button_text=&#8221;Clics&#8221; _builder_version=&#8221;4.14.0&#8243; _module_preset=&#8221;default&#8221; title_text=&#8221;header barado por bateriax3&#8243; background_image=&#8221;http:\/\/autostorebattery.co\/wp-content\/uploads\/2021\/11\/header-barado-por-bateriax3.jpg&#8221; background_enable_image=&#8221;on&#8221; width=&#8221;100%&#8221; max_width=&#8221;100%&#8221; hover_enabled=&#8221;0&#8243; sticky_enabled=&#8221;0&#8243;]<\/p>\n<p>Your content goes here. Edit or remove this text inline or in the module Content settings. You can also style every aspect of this content in the module Design settings and even apply custom CSS to this text in the module Advanced settings.<\/p>\n<p>[\/et_pb_slide][et_pb_slide heading=&#8221;Su t\u00edtulo va aqu\u00ed&#8221; button_text=&#8221;Clics&#8221; _builder_version=&#8221;4.14.0&#8243; _module_preset=&#8221;default&#8221;]<\/p>\n<p>Your content goes here. Edit or remove this text inline or in the module Content settings. You can also style every aspect of this content in the module Design settings and even apply custom CSS to this text in the module Advanced settings.<\/p>\n<p>[\/et_pb_slide][\/et_pb_slider][\/et_pb_column][\/et_pb_row][et_pb_row column_structure=&#8221;2_3,1_3&#8243; _builder_version=&#8221;4.14.0&#8243; _module_preset=&#8221;default&#8221; background_color=&#8221;#000000&#8243; width=&#8221;96.7%&#8221; custom_margin=&#8221;-68px|auto||-2px|false|false&#8221; custom_padding=&#8221;69px||0px|11px||&#8221; global_colors_info=&#8221;{}&#8221;][et_pb_column type=&#8221;2_3&#8243; _builder_version=&#8221;4.14.0&#8243; _module_preset=&#8221;default&#8221; background_color=&#8221;#000000&#8243; global_colors_info=&#8221;{}&#8221;][et_pb_image src=&#8221;http:\/\/autostorebattery.co\/wp-content\/uploads\/2021\/11\/toda-clase-de-baterias3.jpg&#8221; title_text=&#8221;toda-clase-de-baterias3&#8243; _builder_version=&#8221;4.14.0&#8243; _module_preset=&#8221;default&#8221; custom_margin=&#8221;|59px||-3px||&#8221; custom_padding=&#8221;||0px|0px||&#8221; global_colors_info=&#8221;{}&#8221;][\/et_pb_image][\/et_pb_column][et_pb_column type=&#8221;1_3&#8243; _builder_version=&#8221;4.14.0&#8243; _module_preset=&#8221;default&#8221; background_color=&#8221;#000000&#8243; global_colors_info=&#8221;{}&#8221;][et_pb_image src=&#8221;http:\/\/autostorebattery.co\/wp-content\/uploads\/2021\/11\/TEXTO1.png&#8221; title_text=&#8221;TEXTO1&#8243; show_bottom_space=&#8221;off&#8221; _builder_version=&#8221;4.14.0&#8243; _module_preset=&#8221;default&#8221; width=&#8221;110%&#8221; width_tablet=&#8221;110%&#8221; width_phone=&#8221;66%&#8221; width_last_edited=&#8221;on|phone&#8221; custom_margin=&#8221;80px|||-97px|false|false&#8221; custom_margin_tablet=&#8221;80px||||false|false&#8221; custom_margin_phone=&#8221;20px|||0px|false|false&#8221; custom_margin_last_edited=&#8221;on|phone&#8221; custom_padding=&#8221;|0px||0px|false|false&#8221; custom_padding_tablet=&#8221;|0px||0px|false|false&#8221; custom_padding_phone=&#8221;|0px||15px|false|false&#8221; custom_padding_last_edited=&#8221;on|phone&#8221; global_colors_info=&#8221;{}&#8221;][\/et_pb_image][et_pb_button button_url=&#8221;https:\/\/api.whatsapp.com\/send?phone=573157639874&#038;text=Me%20interesa,%20mi%20nombre%20es:&#8221; button_text=&#8221;RECIBIR ASESOR\u00cdA&#8221; button_alignment=&#8221;center&#8221; _builder_version=&#8221;4.14.0&#8243; _module_preset=&#8221;default&#8221; custom_button=&#8221;on&#8221; button_text_size=&#8221;17px&#8221; button_text_color=&#8221;#FFFFFF&#8221; button_bg_color=&#8221;#7CDA24&#8243; button_border_width=&#8221;0px&#8221; button_border_color=&#8221;#7CDA24&#8243; button_border_radius=&#8221;23px&#8221; button_font=&#8221;|600|||||||&#8221; button_icon=&#8221;&#xf232;||fa||400&#8243; button_icon_placement=&#8221;left&#8221; button_on_hover=&#8221;off&#8221; custom_margin=&#8221;31px|125px||-2px|false|false&#8221; custom_margin_tablet=&#8221;31px|||75px|false|false&#8221; custom_margin_phone=&#8221;|109px|17px|-74px|false|false&#8221; custom_margin_last_edited=&#8221;on|phone&#8221; custom_padding=&#8221;|13px||36px|false|false&#8221; button_text_shadow_style=&#8221;preset1&#8243; button_text_shadow_vertical_length=&#8221;0.07em&#8221; global_colors_info=&#8221;{}&#8221;][\/et_pb_button][\/et_pb_column][\/et_pb_row][\/et_pb_section]<\/p>\n","protected":false},"excerpt":{"rendered":"<p>TE LA LLEVAMOS SIN COSTOYour content goes here. Edit or remove this text inline or in the module Content settings. You can also style every aspect of this content in the module Design settings and even apply custom CSS to this text in the module Advanced settings.Your content goes here. Edit or remove this text [&hellip;]<\/p>\n","protected":false},"author":1,"featured_media":0,"parent":0,"menu_order":0,"comment_status":"closed","ping_status":"open","template":"","meta":{"_et_pb_use_builder":"on","_et_pb_old_content":"<!-- wp:paragraph -->\n<p>Esta es una p\u00e1gina de ejemplo. Es diferente a una entrada del blog porque permanecer\u00e1 en un solo lugar y aparecer\u00e1 en la navegaci\u00f3n de tu sitio (en la mayor\u00eda de los temas). La mayor\u00eda de las personas comienzan con una p\u00e1gina \u00abAcerca de\u00bb que les presenta a los visitantes potenciales del sitio. Podr\u00edas decir algo as\u00ed:<\/p>\n<!-- \/wp:paragraph -->\n\n<!-- wp:quote -->\n<blockquote class=\"wp-block-quote\"><p>\u00a1Bienvenido! Soy camarero de d\u00eda, aspirante a actor de noche y esta es mi web. Vivo en Mairena del Alcor, tengo un perro que se llama Firulais y me gusta el rebujito. (Y las tardes largas con caf\u00e9).<\/p><\/blockquote>\n<!-- \/wp:quote -->\n\n<!-- wp:paragraph -->\n<p>\u2026o algo as\u00ed:<\/p>\n<!-- \/wp:paragraph -->\n\n<!-- wp:quote -->\n<blockquote class=\"wp-block-quote\"><p>La empresa \u00abMariscos Recio\u00bb fue fundada por Antonio Recio Mata. Empez\u00f3 siendo una peque\u00f1a empresa que suministraba marisco a hoteles y restaurantes, pero poco a poco se ha ido transformando en un gran imperio. Mariscos Recio, el mar al mejor precio.<\/p><\/blockquote>\n<!-- \/wp:quote -->\n\n<!-- wp:paragraph -->\n<p>Como nuevo usuario de WordPress, deber\u00edas ir a <a href=\"http:\/\/autostorebattery.co\/wp-admin\/\">tu escritorio<\/a> para borrar esta p\u00e1gina y crear nuevas p\u00e1ginas para tu contenido. \u00a1P\u00e1salo bien!<\/p>\n<!-- \/wp:paragraph -->","_et_gb_content_width":""},"aioseo_notices":[],"_links":{"self":[{"href":"https:\/\/autostorebattery.co\/index.php\/wp-json\/wp\/v2\/pages\/2"}],"collection":[{"href":"https:\/\/autostorebattery.co\/index.php\/wp-json\/wp\/v2\/pages"}],"about":[{"href":"https:\/\/autostorebattery.co\/index.php\/wp-json\/wp\/v2\/types\/page"}],"author":[{"embeddable":true,"href":"https:\/\/autostorebattery.co\/index.php\/wp-json\/wp\/v2\/users\/1"}],"replies":[{"embeddable":true,"href":"https:\/\/autostorebattery.co\/index.php\/wp-json\/wp\/v2\/comments?post=2"}],"version-history":[{"count":17,"href":"https:\/\/autostorebattery.co\/index.php\/wp-json\/wp\/v2\/pages\/2\/revisions"}],"predecessor-version":[{"id":95,"href":"https:\/\/autostorebattery.co\/index.php\/wp-json\/wp\/v2\/pages\/2\/revisions\/95"}],"wp:attachment":[{"href":"https:\/\/autostorebattery.co\/index.php\/wp-json\/wp\/v2\/media?parent=2"}],"curies":[{"name":"wp","href":"https:\/\/api.w.org\/{rel}","templated":true}]}}